{"id":623,"date":"2026-04-25T18:20:13","date_gmt":"2026-04-25T18:20:13","guid":{"rendered":"http:\/\/lamolienda.localhost\/product\/byintention-subscription-test\/"},"modified":"2026-05-02T13:03:49","modified_gmt":"2026-05-02T12:03:49","slug":"suscripcion-mensual","status":"publish","type":"product","link":"https:\/\/lamolienda.es\/es\/producto\/suscripcion-mensual\/","title":{"rendered":"Suscripci\u00f3n Mensual"},"content":{"rendered":"<p>La suscripci\u00f3n mensual est\u00e1 pensada para que no te quedes sin caf\u00e9 en casa y para descubrir or\u00edgenes de temporada sin tener que repetir siempre la misma bolsa.<\/p>\n<p>Puedes elegir entre 1 kg de un origen \u00fanico o packs de 3 bolsas de 250 g, siempre en grano. Seleccionamos caf\u00e9s que funcionan bien en el d\u00eda a d\u00eda y mantienen el car\u00e1cter de La Molienda: tuestes limpios, dulzor claro y perfiles de origen reconocibles.<\/p>\n<p>Es la opci\u00f3n m\u00e1s pr\u00e1ctica si consumes caf\u00e9 a diario, compartes equipo en casa o quieres probar una rotaci\u00f3n mensual de caf\u00e9s de especialidad.<\/p>\n","protected":false},"excerpt":{"rendered":"<p>Recibe caf\u00e9 de especialidad reci\u00e9n tostado cada mes: elige 1 kg de origen \u00fanico o packs de 3 bolsas de 250 g con caf\u00e9s de temporada.<\/p>\n","protected":false},"featured_media":1430,"comment_status":"open","ping_status":"closed","template":"","meta":[],"product_brand":[],"product_cat":[90],"product_tag":[324,357,327,360,354],"class_list":{"0":"post-623","1":"product","2":"type-product","3":"status-publish","4":"has-post-thumbnail","6":"product_cat-suscripcion","7":"product_tag-cafe-de-especialidad","8":"product_tag-cafe-de-temporada","9":"product_tag-cafe-en-grano","10":"product_tag-origen-unico","11":"product_tag-suscripcion-cafe","13":"first","14":"instock","15":"sold-individually","16":"taxable","17":"shipping-taxable","18":"purchasable","19":"product-type-variable","20":"has-default-attributes"},"_links":{"self":[{"href":"https:\/\/lamolienda.es\/es\/wp-json\/wp\/v2\/product\/623","targetHints":{"allow":["GET"]}}],"collection":[{"href":"https:\/\/lamolienda.es\/es\/wp-json\/wp\/v2\/product"}],"about":[{"href":"https:\/\/lamolienda.es\/es\/wp-json\/wp\/v2\/types\/product"}],"replies":[{"embeddable":true,"href":"https:\/\/lamolienda.es\/es\/wp-json\/wp\/v2\/comments?post=623"}],"wp:featuredmedia":[{"embeddable":true,"href":"https:\/\/lamolienda.es\/es\/wp-json\/wp\/v2\/media\/1430"}],"wp:attachment":[{"href":"https:\/\/lamolienda.es\/es\/wp-json\/wp\/v2\/media?parent=623"}],"wp:term":[{"taxonomy":"product_brand","embeddable":true,"href":"https:\/\/lamolienda.es\/es\/wp-json\/wp\/v2\/product_brand?post=623"},{"taxonomy":"product_cat","embeddable":true,"href":"https:\/\/lamolienda.es\/es\/wp-json\/wp\/v2\/product_cat?post=623"},{"taxonomy":"product_tag","embeddable":true,"href":"https:\/\/lamolienda.es\/es\/wp-json\/wp\/v2\/product_tag?post=623"}],"curies":[{"name":"wp","href":"https:\/\/api.w.org\/{rel}","templated":true}]}}