{"id":57,"date":"2026-04-22T09:47:35","date_gmt":"2026-04-22T09:47:35","guid":{"rendered":"http:\/\/lamolienda.localhost\/product\/xarisma-nicaragua\/"},"modified":"2026-05-03T13:52:30","modified_gmt":"2026-05-03T12:52:30","slug":"xarisma-nicaragua","status":"publish","type":"product","link":"https:\/\/lamolienda.es\/es\/producto\/xarisma-nicaragua\/","title":{"rendered":"Xarisma -NICARAGUA-"},"content":{"rendered":"<p>Xarisma procede de Nicaragua y combina Catuai y Catimor cultivados entre 1.200 y 1.300 msnm. Es un caf\u00e9 de perfil limpio, dulce y muy f\u00e1cil de leer en taza.<\/p>\n<p>El proceso lavado ayuda a ordenar la fruta y dejar una sensaci\u00f3n m\u00e1s cristalina. En taza aparecen caramelo, ciruela y mandarina, con acidez amable y final dulce.<\/p>\n<p>Es una buena opci\u00f3n si buscas un caf\u00e9 centroamericano equilibrado, arom\u00e1tico y vers\u00e1til para espresso o filtro.<\/p>\n<p><strong>Informaci\u00f3n legal:<\/strong> Caf\u00e9 de tueste natural en grano. Consumir preferentemente antes de 6 meses despu\u00e9s de la fecha de tueste. Conservar en un lugar fresco y seco alejado de la luz solar directa. Tostado por La Base Palma SL en C\/ Arxiduc Lluis Salvador, 9A 07004 Palma Num. RGSEAA 25.003278\/IB www.lamolienda.es<\/p>\n","protected":false},"excerpt":{"rendered":"<p>Caf\u00e9 lavado de Nicaragua, Catuai y Catimor a 1.200-1.300 msnm. Taza dulce y limpia con caramelo, ciruela y mandarina.<\/p>\n","protected":false},"featured_media":1370,"comment_status":"open","ping_status":"closed","template":"","meta":[],"product_brand":[],"product_cat":[17],"product_tag":[324,363,345,21,31],"class_list":{"0":"post-57","1":"product","2":"type-product","3":"status-publish","4":"has-post-thumbnail","6":"product_cat-cafe","7":"product_tag-cafe-de-especialidad","8":"product_tag-catimor","9":"product_tag-catuai","10":"product_tag-lavado","11":"product_tag-nicaragua","13":"first","14":"instock","15":"taxable","16":"shipping-taxable","17":"purchasable","18":"product-type-variable"},"_links":{"self":[{"href":"https:\/\/lamolienda.es\/es\/wp-json\/wp\/v2\/product\/57","targetHints":{"allow":["GET"]}}],"collection":[{"href":"https:\/\/lamolienda.es\/es\/wp-json\/wp\/v2\/product"}],"about":[{"href":"https:\/\/lamolienda.es\/es\/wp-json\/wp\/v2\/types\/product"}],"replies":[{"embeddable":true,"href":"https:\/\/lamolienda.es\/es\/wp-json\/wp\/v2\/comments?post=57"}],"wp:featuredmedia":[{"embeddable":true,"href":"https:\/\/lamolienda.es\/es\/wp-json\/wp\/v2\/media\/1370"}],"wp:attachment":[{"href":"https:\/\/lamolienda.es\/es\/wp-json\/wp\/v2\/media?parent=57"}],"wp:term":[{"taxonomy":"product_brand","embeddable":true,"href":"https:\/\/lamolienda.es\/es\/wp-json\/wp\/v2\/product_brand?post=57"},{"taxonomy":"product_cat","embeddable":true,"href":"https:\/\/lamolienda.es\/es\/wp-json\/wp\/v2\/product_cat?post=57"},{"taxonomy":"product_tag","embeddable":true,"href":"https:\/\/lamolienda.es\/es\/wp-json\/wp\/v2\/product_tag?post=57"}],"curies":[{"name":"wp","href":"https:\/\/api.w.org\/{rel}","templated":true}]}}