{"id":53,"date":"2026-04-22T09:47:33","date_gmt":"2026-04-22T09:47:33","guid":{"rendered":"http:\/\/lamolienda.localhost\/product\/finca-pampojila-guatemala\/"},"modified":"2026-05-03T13:54:00","modified_gmt":"2026-05-03T12:54:00","slug":"finca-pampojila-guatemala","status":"publish","type":"product","link":"https:\/\/lamolienda.es\/es\/producto\/finca-pampojila-guatemala\/","title":{"rendered":"Finca Pampojil\u00e1 -Guatemala-"},"content":{"rendered":"<p>Finca Pampojil\u00e1 es un caf\u00e9 de Guatemala con Caturra y Obata cultivados entre 1.480 y 1.800 msnm. El origen aporta dulzor, estructura y una fruta tropical muy reconocible.<\/p>\n<p>El proceso Natural Sleeping bag busca un secado m\u00e1s lento y protegido de la cereza entera, concentrando aromas y textura. En taza aparecen papaya, panela e hibisco, con una sensaci\u00f3n jugosa y un final dulce.<\/p>\n<p>Es un caf\u00e9 para quienes disfrutan de naturales expresivos, con fruta madura y un punto floral sin perder limpieza.<\/p>\n<p><strong>Informaci\u00f3n legal:<\/strong> Caf\u00e9 de tueste natural en grano. Consumir preferentemente antes de 6 meses despu\u00e9s de la fecha de tueste. Conservar en un lugar fresco y seco alejado de la luz solar directa. Tostado por La Base Palma SL en C\/ Arxiduc Lluis Salvador, 9A 07004 Palma Num. RGSEAA 25.003278\/IB www.lamolienda.es<\/p>\n","protected":false},"excerpt":{"rendered":"<p>Caf\u00e9 de Guatemala, Caturra y Obata, con proceso Natural Sleeping bag. Perfil tropical y floral con hibisco, panela y papaya.<\/p>\n","protected":false},"featured_media":1369,"comment_status":"open","ping_status":"closed","template":"","meta":[],"product_brand":[],"product_cat":[17],"product_tag":[324,333,29,30,336],"class_list":{"0":"post-53","1":"product","2":"type-product","3":"status-publish","4":"has-post-thumbnail","6":"product_cat-cafe","7":"product_tag-cafe-de-especialidad","8":"product_tag-caturra","9":"product_tag-guatemala","10":"product_tag-natural-sleeping-bag","11":"product_tag-obata","13":"first","14":"instock","15":"taxable","16":"shipping-taxable","17":"purchasable","18":"product-type-variable"},"_links":{"self":[{"href":"https:\/\/lamolienda.es\/es\/wp-json\/wp\/v2\/product\/53","targetHints":{"allow":["GET"]}}],"collection":[{"href":"https:\/\/lamolienda.es\/es\/wp-json\/wp\/v2\/product"}],"about":[{"href":"https:\/\/lamolienda.es\/es\/wp-json\/wp\/v2\/types\/product"}],"replies":[{"embeddable":true,"href":"https:\/\/lamolienda.es\/es\/wp-json\/wp\/v2\/comments?post=53"}],"wp:featuredmedia":[{"embeddable":true,"href":"https:\/\/lamolienda.es\/es\/wp-json\/wp\/v2\/media\/1369"}],"wp:attachment":[{"href":"https:\/\/lamolienda.es\/es\/wp-json\/wp\/v2\/media?parent=53"}],"wp:term":[{"taxonomy":"product_brand","embeddable":true,"href":"https:\/\/lamolienda.es\/es\/wp-json\/wp\/v2\/product_brand?post=53"},{"taxonomy":"product_cat","embeddable":true,"href":"https:\/\/lamolienda.es\/es\/wp-json\/wp\/v2\/product_cat?post=53"},{"taxonomy":"product_tag","embeddable":true,"href":"https:\/\/lamolienda.es\/es\/wp-json\/wp\/v2\/product_tag?post=53"}],"curies":[{"name":"wp","href":"https:\/\/api.w.org\/{rel}","templated":true}]}}