{"id":45,"date":"2026-04-22T09:47:30","date_gmt":"2026-04-22T09:47:30","guid":{"rendered":"http:\/\/lamolienda.localhost\/product\/chabela-descafeinado\/"},"modified":"2026-05-03T13:56:40","modified_gmt":"2026-05-03T12:56:40","slug":"chabela-descafeinado","status":"publish","type":"product","link":"https:\/\/lamolienda.es\/es\/producto\/chabela-descafeinado\/","title":{"rendered":"CHABELA DESCAFEINADO"},"content":{"rendered":"<p>Chabela es un descafeinado de M\u00e9xico pensado para mantener dulzor y comodidad sin perder identidad de origen. Combina Bourbon, Catimor, Garnica y Typica cultivados entre 1.100 y 1.300 msnm.<\/p>\n<p>El perfil es amable y reconocible: almendra, caramelo y chocolate, con cuerpo suave y una taza f\u00e1cil de ajustar en espresso, moka o filtro.<\/p>\n<p>Es una buena elecci\u00f3n si quieres reducir cafe\u00edna sin renunciar a un caf\u00e9 dulce, limpio y con sabor de especialidad.<\/p>\n<p><strong>Informaci\u00f3n legal:<\/strong> Caf\u00e9 de tueste natural en grano. Consumir preferentemente antes de 6 meses despu\u00e9s de la fecha de tueste. Conservar en un lugar fresco y seco alejado de la luz solar directa. Tostado por La Base Palma SL en C\/ Arxiduc Lluis Salvador, 9A 07004 Palma Num. RGSEAA 25.003278\/IB www.lamolienda.es<\/p>\n","protected":false},"excerpt":{"rendered":"<p>Descafeinado de M\u00e9xico, proceso lavado, con Bourbon, Catimor, Garnica y Typica. Taza dulce con almendra, caramelo y chocolate.<\/p>\n","protected":false},"featured_media":1366,"comment_status":"open","ping_status":"closed","template":"","meta":[],"product_brand":[],"product_cat":[17],"product_tag":[324,327,321,21,27],"class_list":{"0":"post-45","1":"product","2":"type-product","3":"status-publish","4":"has-post-thumbnail","6":"product_cat-cafe","7":"product_tag-cafe-de-especialidad","8":"product_tag-cafe-en-grano","9":"product_tag-descafeinado","10":"product_tag-lavado","11":"product_tag-mexico","13":"first","14":"instock","15":"taxable","16":"shipping-taxable","17":"purchasable","18":"product-type-variable","19":"has-default-attributes"},"_links":{"self":[{"href":"https:\/\/lamolienda.es\/es\/wp-json\/wp\/v2\/product\/45","targetHints":{"allow":["GET"]}}],"collection":[{"href":"https:\/\/lamolienda.es\/es\/wp-json\/wp\/v2\/product"}],"about":[{"href":"https:\/\/lamolienda.es\/es\/wp-json\/wp\/v2\/types\/product"}],"replies":[{"embeddable":true,"href":"https:\/\/lamolienda.es\/es\/wp-json\/wp\/v2\/comments?post=45"}],"wp:featuredmedia":[{"embeddable":true,"href":"https:\/\/lamolienda.es\/es\/wp-json\/wp\/v2\/media\/1366"}],"wp:attachment":[{"href":"https:\/\/lamolienda.es\/es\/wp-json\/wp\/v2\/media?parent=45"}],"wp:term":[{"taxonomy":"product_brand","embeddable":true,"href":"https:\/\/lamolienda.es\/es\/wp-json\/wp\/v2\/product_brand?post=45"},{"taxonomy":"product_cat","embeddable":true,"href":"https:\/\/lamolienda.es\/es\/wp-json\/wp\/v2\/product_cat?post=45"},{"taxonomy":"product_tag","embeddable":true,"href":"https:\/\/lamolienda.es\/es\/wp-json\/wp\/v2\/product_tag?post=45"}],"curies":[{"name":"wp","href":"https:\/\/api.w.org\/{rel}","templated":true}]}}