{"id":21,"date":"2026-04-22T09:47:20","date_gmt":"2026-04-22T09:47:20","guid":{"rendered":"http:\/\/lamolienda.localhost\/product\/emmanuel-rusatira-ruanda\/"},"modified":"2026-05-03T14:03:26","modified_gmt":"2026-05-03T13:03:26","slug":"emmanuel-rusatira-ruanda","status":"publish","type":"product","link":"https:\/\/lamolienda.es\/es\/producto\/emmanuel-rusatira-ruanda\/","title":{"rendered":"Emmanuel Rusatira -RUANDA-"},"content":{"rendered":"<p>Emmanuel Rusatira muestra una cara expresiva del caf\u00e9 ruand\u00e9s: Bourbon Rojo cultivado en altura y trabajado con proceso natural.<\/p>\n<p>Al secarse la cereza entera, el caf\u00e9 gana dulzor, cuerpo y una fruta m\u00e1s redonda que en un lavado cl\u00e1sico. En taza aparecen ciruela madura, miel y un matiz floral de rosa, con una acidez limpia que mantiene el perfil elegante.<\/p>\n<p>Es una buena elecci\u00f3n si buscas un origen africano arom\u00e1tico, dulce y menos c\u00edtrico que un Kenia lavado, con suficiente estructura para espresso moderno y filtro con cuerpo.<\/p>\n<p><strong>Informaci\u00f3n legal:<\/strong> Caf\u00e9 de tueste natural en grano. Consumir preferentemente antes de 6 meses despu\u00e9s de la fecha de tueste. Conservar en un lugar fresco y seco alejado de la luz solar directa. Tostado por La Base Palma SL en C\/ Arxiduc Lluis Salvador, 9A 07004 Palma Num. RGSEAA 25.003278\/IB www.lamolienda.es<\/p>\n","protected":false},"excerpt":{"rendered":"<p>Caf\u00e9 de especialidad de Ruanda, Bourbon Rojo en proceso natural a 2.050 msnm. Una taza dulce y floral con ciruela, miel y rosa.<\/p>\n","protected":false},"featured_media":1372,"comment_status":"open","ping_status":"closed","template":"","meta":[],"product_brand":[],"product_cat":[17],"product_tag":[330,324,327,19,18],"class_list":{"0":"post-21","1":"product","2":"type-product","3":"status-publish","4":"has-post-thumbnail","6":"product_cat-cafe","7":"product_tag-bourbon-rojo","8":"product_tag-cafe-de-especialidad","9":"product_tag-cafe-en-grano","10":"product_tag-natural","11":"product_tag-ruanda","13":"first","14":"instock","15":"taxable","16":"shipping-taxable","17":"purchasable","18":"product-type-variable","19":"has-default-attributes"},"_links":{"self":[{"href":"https:\/\/lamolienda.es\/es\/wp-json\/wp\/v2\/product\/21","targetHints":{"allow":["GET"]}}],"collection":[{"href":"https:\/\/lamolienda.es\/es\/wp-json\/wp\/v2\/product"}],"about":[{"href":"https:\/\/lamolienda.es\/es\/wp-json\/wp\/v2\/types\/product"}],"replies":[{"embeddable":true,"href":"https:\/\/lamolienda.es\/es\/wp-json\/wp\/v2\/comments?post=21"}],"wp:featuredmedia":[{"embeddable":true,"href":"https:\/\/lamolienda.es\/es\/wp-json\/wp\/v2\/media\/1372"}],"wp:attachment":[{"href":"https:\/\/lamolienda.es\/es\/wp-json\/wp\/v2\/media?parent=21"}],"wp:term":[{"taxonomy":"product_brand","embeddable":true,"href":"https:\/\/lamolienda.es\/es\/wp-json\/wp\/v2\/product_brand?post=21"},{"taxonomy":"product_cat","embeddable":true,"href":"https:\/\/lamolienda.es\/es\/wp-json\/wp\/v2\/product_cat?post=21"},{"taxonomy":"product_tag","embeddable":true,"href":"https:\/\/lamolienda.es\/es\/wp-json\/wp\/v2\/product_tag?post=21"}],"curies":[{"name":"wp","href":"https:\/\/api.w.org\/{rel}","templated":true}]}}