{"id":1407,"date":"2026-05-01T07:25:17","date_gmt":"2026-05-01T06:25:17","guid":{"rendered":"https:\/\/darkturquoise-gerbil-563163.hostingersite.com\/product\/makhore-etiopia\/"},"modified":"2026-05-04T13:22:45","modified_gmt":"2026-05-04T12:22:45","slug":"makhore-etiopia","status":"publish","type":"product","link":"https:\/\/lamolienda.es\/es\/producto\/makhore-etiopia\/","title":{"rendered":"Makhore -ETIOP\u00cdA-"},"content":{"rendered":"<p>Makhore es un natural de Etiop\u00eda con variedades Heirloom cultivadas entre 1.500 y 1.800 msnm. Es un caf\u00e9 con identidad et\u00edope clara: fruta, dulzor y una estructura arom\u00e1tica muy marcada.<\/p>\n<p>En el proceso natural, la cereza se seca entera para que los az\u00facares de la pulpa influyan en el grano. Esto aporta m\u00e1s cuerpo, una fruta madura y una sensaci\u00f3n dulce que en este lote recuerda a manzana, naranja y panela.<\/p>\n<p>Es una buena elecci\u00f3n para quien busca un Etiop\u00eda expresivo pero equilibrado, con fruta limpia y un final dulce.<\/p>\n<p><strong>Informaci\u00f3n legal:<\/strong> Caf\u00e9 de tueste natural en grano. Consumir preferentemente antes de 6 meses despu\u00e9s de la fecha de tueste. Conservar en un lugar fresco y seco alejado de la luz solar directa. Tostado por La Base Palma SL en C\/ Arxiduc Lluis Salvador, 9A 07004 Palma Num. RGSEAA 25.003278\/IB www.lamolienda.es<\/p>\n","protected":false},"excerpt":{"rendered":"<p>Natural de Etiop\u00eda, variedad Heirloom, cultivado entre 1.500 y 1.800 msnm. Taza dulce y frutal con manzana, naranja y panela.<\/p>\n","protected":false},"featured_media":1371,"comment_status":"open","ping_status":"closed","template":"","meta":[],"product_brand":[],"product_cat":[17],"product_tag":[324,327,318,342,19],"class_list":{"0":"post-1407","1":"product","2":"type-product","3":"status-publish","4":"has-post-thumbnail","6":"product_cat-cafe","7":"product_tag-cafe-de-especialidad","8":"product_tag-cafe-en-grano","9":"product_tag-etiopia","10":"product_tag-heirloom","11":"product_tag-natural","13":"first","14":"instock","15":"taxable","16":"shipping-taxable","17":"purchasable","18":"product-type-variable"},"_links":{"self":[{"href":"https:\/\/lamolienda.es\/es\/wp-json\/wp\/v2\/product\/1407","targetHints":{"allow":["GET"]}}],"collection":[{"href":"https:\/\/lamolienda.es\/es\/wp-json\/wp\/v2\/product"}],"about":[{"href":"https:\/\/lamolienda.es\/es\/wp-json\/wp\/v2\/types\/product"}],"replies":[{"embeddable":true,"href":"https:\/\/lamolienda.es\/es\/wp-json\/wp\/v2\/comments?post=1407"}],"wp:featuredmedia":[{"embeddable":true,"href":"https:\/\/lamolienda.es\/es\/wp-json\/wp\/v2\/media\/1371"}],"wp:attachment":[{"href":"https:\/\/lamolienda.es\/es\/wp-json\/wp\/v2\/media?parent=1407"}],"wp:term":[{"taxonomy":"product_brand","embeddable":true,"href":"https:\/\/lamolienda.es\/es\/wp-json\/wp\/v2\/product_brand?post=1407"},{"taxonomy":"product_cat","embeddable":true,"href":"https:\/\/lamolienda.es\/es\/wp-json\/wp\/v2\/product_cat?post=1407"},{"taxonomy":"product_tag","embeddable":true,"href":"https:\/\/lamolienda.es\/es\/wp-json\/wp\/v2\/product_tag?post=1407"}],"curies":[{"name":"wp","href":"https:\/\/api.w.org\/{rel}","templated":true}]}}