{"id":63,"date":"2026-04-22T10:08:52","date_gmt":"2026-04-22T10:08:52","guid":{"rendered":"http:\/\/lamolienda.localhost\/mayoristas\/"},"modified":"2026-05-06T12:32:04","modified_gmt":"2026-05-06T11:32:04","slug":"mayoristas","status":"publish","type":"page","link":"https:\/\/lamolienda.es\/es\/mayoristas\/","title":{"rendered":"PROFESIONALES"},"content":{"rendered":"<p>Con la apertura de Arxiduc en 2019 por fin hemos hecho realidad ese sueno. El resultado, cafe de especialidad tostado por nosotros, cuya particularidad es la trazabilidad de los granos y la tendencia a unos tuestes mas claritos con el objetivo de preservar mas matices.<\/p>\n<p>Con el servicio de wholesale incluimos formacion a los baristas, asesoramiento y un seguimiento de nuestros clientes, que son parte fundamental de nuestro negocio.<\/p>\n","protected":false},"excerpt":{"rendered":"<p>Con la apertura de Arxiduc en 2019 por fin hemos hecho realidad ese sueno. El resultado, cafe de especialidad tostado por nosotros, cuya particularidad es la trazabilidad de los granos y la tendencia a unos tuestes mas claritos con el objetivo de preservar mas matices. Con el servicio de wholesale incluimos formacion a los baristas, [&hellip;]<\/p>\n","protected":false},"author":3,"featured_media":0,"parent":0,"menu_order":30,"comment_status":"closed","ping_status":"closed","template":"page-wholesale.php","meta":{"footnotes":"","_lamolienda_page_display_title":"Tostamos en Mallorca. T\u00fa lo sirves. Reg\u00edstrate para acceder a nuestras condiciones para hosteler\u00eda.","_lamolienda_home_hero_primary_image_id":0,"_lamolienda_home_hero_secondary_image_id":0,"_lamolienda_home_hero_accent_image_id":0,"_lamolienda_home_story_heading":"","_lamolienda_home_story_year":"","_lamolienda_home_story_copy":"","_lamolienda_home_cta_heading":"","_lamolienda_home_cta_primary_label":"","_lamolienda_home_cta_secondary_label":"","_lamolienda_home_locations_heading":"","_lamolienda_about_hero_primary_image_id":0,"_lamolienda_about_hero_secondary_image_id":0,"_lamolienda_about_story_heading":"","_lamolienda_about_contact_title":"","_lamolienda_about_contact_address":"","_lamolienda_about_form_shortcode":"","_lamolienda_wholesale_gallery_primary_image_id":1394,"_lamolienda_wholesale_gallery_secondary_image_id":1395,"_lamolienda_wholesale_gallery_accent_image_id":1396,"_lamolienda_wholesale_form_title":"La Molienda Wholesale","_lamolienda_wholesale_form_shortcode":"","_lamolienda_wholesale_story_heading":"La Molienda es buen cafe, muy buen cafe, producto local, un lugar donde sentirse como en casa... solo te queda venir a conocernos!","_lamolienda_landing_product_category_id":0,"_lamolienda_landing_hero_image_id":0,"_lamolienda_landing_hero_copy":"","_lamolienda_landing_product_heading":"","_lamolienda_landing_claim_one":"","_lamolienda_landing_claim_two":"","_lamolienda_landing_claim_three":"","_lamolienda_subscription_story_heading":"","_lamolienda_landing_info_copy":"","_lamolienda_coffeeshops_hero_image_id":0,"_lamolienda_coffeeshops_intro_heading":"","_lamolienda_coffeeshops_intro_copy":""},"class_list":["post-63","page","type-page","status-publish","hentry"],"_links":{"self":[{"href":"https:\/\/lamolienda.es\/es\/wp-json\/wp\/v2\/pages\/63","targetHints":{"allow":["GET"]}}],"collection":[{"href":"https:\/\/lamolienda.es\/es\/wp-json\/wp\/v2\/pages"}],"about":[{"href":"https:\/\/lamolienda.es\/es\/wp-json\/wp\/v2\/types\/page"}],"author":[{"embeddable":true,"href":"https:\/\/lamolienda.es\/es\/wp-json\/wp\/v2\/users\/3"}],"replies":[{"embeddable":true,"href":"https:\/\/lamolienda.es\/es\/wp-json\/wp\/v2\/comments?post=63"}],"version-history":[{"count":5,"href":"https:\/\/lamolienda.es\/es\/wp-json\/wp\/v2\/pages\/63\/revisions"}],"predecessor-version":[{"id":1493,"href":"https:\/\/lamolienda.es\/es\/wp-json\/wp\/v2\/pages\/63\/revisions\/1493"}],"wp:attachment":[{"href":"https:\/\/lamolienda.es\/es\/wp-json\/wp\/v2\/media?parent=63"}],"curies":[{"name":"wp","href":"https:\/\/api.w.org\/{rel}","templated":true}]}}