{"id":661,"date":"2026-04-25T18:20:13","date_gmt":"2026-04-25T17:20:13","guid":{"rendered":"http:\/\/lamolienda.localhost\/product\/prova-subscripcio-byintention\/"},"modified":"2026-05-02T13:03:48","modified_gmt":"2026-05-02T12:03:48","slug":"subscripcio-mensual","status":"publish","type":"product","link":"https:\/\/lamolienda.es\/ca\/producte\/subscripcio-mensual\/","title":{"rendered":"Subscripci\u00f3 mensual"},"content":{"rendered":"<p>La subscripci\u00f3 mensual est\u00e0 pensada perqu\u00e8 no et quedis sense caf\u00e8 a casa i per descobrir or\u00edgens de temporada sense repetir sempre la mateixa bossa.<\/p>\n<p>Pots triar entre 1 kg d&#8217;un origen \u00fanic o packs de 3 o 4 bosses de 250 g, sempre en gra. Seleccionem caf\u00e8s que funcionen b\u00e9 en el dia a dia i mantenen el car\u00e0cter de La Molienda: torrats nets, dol\u00e7or clara i perfils d&#8217;origen reconeixibles.<\/p>\n<p>\u00c9s l&#8217;opci\u00f3 m\u00e9s pr\u00e0ctica si prens caf\u00e8 cada dia, el comparteixes a casa o vols una rotaci\u00f3 mensual de caf\u00e8s d&#8217;especialitat.<\/p>\n","protected":false},"excerpt":{"rendered":"<p>Rep caf\u00e8 d&#8217;especialitat acabat de torrar cada mes: tria 1 kg d&#8217;origen \u00fanic o packs de 3 o 4 bosses de 250 g amb caf\u00e8s de temporada.<\/p>\n","protected":false},"featured_media":1432,"comment_status":"open","ping_status":"closed","template":"","meta":[],"product_brand":[],"product_cat":[91],"product_tag":[326,359,329,362,356],"class_list":{"0":"post-661","1":"product","2":"type-product","3":"status-publish","4":"has-post-thumbnail","6":"product_cat-subscripcio","7":"product_tag-cafe-despecialitat-ca","8":"product_tag-cafe-de-temporada-ca","9":"product_tag-cafe-en-gra-ca","10":"product_tag-origen-unic-ca","11":"product_tag-subscripcio-cafe-ca","13":"first","14":"instock","15":"sold-individually","16":"taxable","17":"shipping-taxable","18":"purchasable","19":"product-type-variable","20":"has-default-attributes"},"_links":{"self":[{"href":"https:\/\/lamolienda.es\/ca\/wp-json\/wp\/v2\/product\/661","targetHints":{"allow":["GET"]}}],"collection":[{"href":"https:\/\/lamolienda.es\/ca\/wp-json\/wp\/v2\/product"}],"about":[{"href":"https:\/\/lamolienda.es\/ca\/wp-json\/wp\/v2\/types\/product"}],"replies":[{"embeddable":true,"href":"https:\/\/lamolienda.es\/ca\/wp-json\/wp\/v2\/comments?post=661"}],"wp:featuredmedia":[{"embeddable":true,"href":"https:\/\/lamolienda.es\/ca\/wp-json\/wp\/v2\/media\/1432"}],"wp:attachment":[{"href":"https:\/\/lamolienda.es\/ca\/wp-json\/wp\/v2\/media?parent=661"}],"wp:term":[{"taxonomy":"product_brand","embeddable":true,"href":"https:\/\/lamolienda.es\/ca\/wp-json\/wp\/v2\/product_brand?post=661"},{"taxonomy":"product_cat","embeddable":true,"href":"https:\/\/lamolienda.es\/ca\/wp-json\/wp\/v2\/product_cat?post=661"},{"taxonomy":"product_tag","embeddable":true,"href":"https:\/\/lamolienda.es\/ca\/wp-json\/wp\/v2\/product_tag?post=661"}],"curies":[{"name":"wp","href":"https:\/\/api.w.org\/{rel}","templated":true}]}}