{"id":217,"date":"2026-04-22T09:47:33","date_gmt":"2026-04-22T09:47:33","guid":{"rendered":"http:\/\/lamolienda.localhost\/product\/finca-pampojila-guatemala\/"},"modified":"2026-05-01T08:09:23","modified_gmt":"2026-05-01T07:09:23","slug":"finca-pampojila-guatemala","status":"publish","type":"product","link":"https:\/\/lamolienda.es\/ca\/producte\/finca-pampojila-guatemala\/","title":{"rendered":"Finca Pampojil\u00e1 -Guatemala-"},"content":{"rendered":"<p>Finca Pampojil\u00e1 \u00e9s un caf\u00e8 de Guatemala amb Caturra i Obata cultivats entre 1.480 i 1.800 msnm. L&#8217;origen aporta dol\u00e7or, estructura i una fruita tropical molt reconeixible.<\/p>\n<p>El proc\u00e9s Natural Sleeping bag busca un assecat m\u00e9s lent i protegit de la cirera sencera, concentrant aromes i textura. En tassa hi apareixen papaia, panela i hibisc, amb una sensaci\u00f3 sucosa i un final dol\u00e7.<\/p>\n<p>\u00c9s un caf\u00e8 per a qui gaudeix de naturals expressius, amb fruita madura i un punt floral sense perdre netedat.<\/p>\n<p><strong>Informaci\u00f3 legal:<\/strong> Caf\u00e8 de torrat natural en gra. Consumir preferentment abans de 6 mesos despr\u00e9s de la data de torrat. Conservar en un lloc fresc i sec, allunyat de la llum solar directa. Torrat per La Base Palma SL a C\/ Arxiduc Lluis Salvador, 9A, 07004 Palma. N\u00fam. RGSEAA 25.003278\/IB www.lamolienda.es<\/p>\n","protected":false},"excerpt":{"rendered":"<p>Caf\u00e8 de Guatemala, Caturra i Obata, amb proc\u00e9s Natural Sleeping bag. Perfil tropical i floral amb hibisc, panela i papaia.<\/p>\n","protected":false},"featured_media":1382,"comment_status":"open","ping_status":"closed","template":"","meta":[],"product_brand":[],"product_cat":[48],"product_tag":[326,335,51,52,338],"class_list":{"0":"post-217","1":"product","2":"type-product","3":"status-publish","4":"has-post-thumbnail","6":"product_cat-cafe","7":"product_tag-cafe-despecialitat-ca","8":"product_tag-caturra-ca","9":"product_tag-guatemala","10":"product_tag-natural-sleeping-bag","11":"product_tag-obata-ca","13":"first","14":"instock","15":"taxable","16":"shipping-taxable","17":"purchasable","18":"product-type-variable"},"_links":{"self":[{"href":"https:\/\/lamolienda.es\/ca\/wp-json\/wp\/v2\/product\/217","targetHints":{"allow":["GET"]}}],"collection":[{"href":"https:\/\/lamolienda.es\/ca\/wp-json\/wp\/v2\/product"}],"about":[{"href":"https:\/\/lamolienda.es\/ca\/wp-json\/wp\/v2\/types\/product"}],"replies":[{"embeddable":true,"href":"https:\/\/lamolienda.es\/ca\/wp-json\/wp\/v2\/comments?post=217"}],"wp:featuredmedia":[{"embeddable":true,"href":"https:\/\/lamolienda.es\/ca\/wp-json\/wp\/v2\/media\/1382"}],"wp:attachment":[{"href":"https:\/\/lamolienda.es\/ca\/wp-json\/wp\/v2\/media?parent=217"}],"wp:term":[{"taxonomy":"product_brand","embeddable":true,"href":"https:\/\/lamolienda.es\/ca\/wp-json\/wp\/v2\/product_brand?post=217"},{"taxonomy":"product_cat","embeddable":true,"href":"https:\/\/lamolienda.es\/ca\/wp-json\/wp\/v2\/product_cat?post=217"},{"taxonomy":"product_tag","embeddable":true,"href":"https:\/\/lamolienda.es\/ca\/wp-json\/wp\/v2\/product_tag?post=217"}],"curies":[{"name":"wp","href":"https:\/\/api.w.org\/{rel}","templated":true}]}}