{"id":694,"date":"2026-04-27T08:08:30","date_gmt":"2026-04-27T07:08:30","guid":{"rendered":"http:\/\/lamolienda.localhost\/subscripcio\/"},"modified":"2026-05-01T09:19:22","modified_gmt":"2026-05-01T08:19:22","slug":"subscripcio","status":"publish","type":"page","link":"https:\/\/lamolienda.es\/ca\/subscripcio\/","title":{"rendered":"Subscripci\u00f3"},"content":{"rendered":"","protected":false},"excerpt":{"rendered":"","protected":false},"author":1,"featured_media":1137,"parent":0,"menu_order":10,"comment_status":"closed","ping_status":"closed","template":"page-subscription.php","meta":{"footnotes":"","_lamolienda_page_display_title":"Subscription","_lamolienda_home_hero_primary_image_id":0,"_lamolienda_home_hero_secondary_image_id":0,"_lamolienda_home_hero_accent_image_id":0,"_lamolienda_home_story_heading":"","_lamolienda_home_story_year":"","_lamolienda_home_story_copy":"","_lamolienda_home_cta_heading":"","_lamolienda_home_cta_primary_label":"","_lamolienda_home_cta_secondary_label":"","_lamolienda_home_locations_heading":"","_lamolienda_about_hero_primary_image_id":0,"_lamolienda_about_hero_secondary_image_id":0,"_lamolienda_about_story_heading":"","_lamolienda_about_contact_title":"","_lamolienda_about_contact_address":"","_lamolienda_about_form_shortcode":"","_lamolienda_wholesale_gallery_primary_image_id":0,"_lamolienda_wholesale_gallery_secondary_image_id":0,"_lamolienda_wholesale_gallery_accent_image_id":0,"_lamolienda_wholesale_form_title":"","_lamolienda_wholesale_form_shortcode":"","_lamolienda_wholesale_story_heading":"","_lamolienda_landing_product_category_id":90,"_lamolienda_landing_hero_image_id":1400,"_lamolienda_landing_hero_copy":"Subscriu-te i t'enviarem una bossa de caf\u00e8 acabat de torrar cada quatre setmanes \u2013 per\u00f2 mai el mateix dos cops seguits. Una entrega pot ser un et\u00edop rentat amb notes de bergamota i fruita de pinyol. La seg\u00fcent, un brasiler natural achocolatat. Despr\u00e9s, potser un colombi\u00e0 anaer\u00f2bic com no n'has tastat cap.\r\n\r\nCada bossa surt del nostre obrador a Palma en menys de 72 hores despr\u00e9s de la torrefacci\u00f3, amb una targeta que t'explica d'on ve i com el preparar\u00edem.","_lamolienda_landing_product_heading":"La teva subscripci\u00f3 de caf\u00e8","_lamolienda_landing_claim_one":"Un cop al mes, directe a la porta","_lamolienda_landing_claim_two":"Pausa, canvia o cancel\u00b7la quan vulguis.","_lamolienda_landing_claim_three":"Caf\u00e8 d'especialitat curat, acabat de seleccionar","_lamolienda_subscription_story_heading":"La majoria troba un caf\u00e8 que li agrada i s'hi queda. Est\u00e0 b\u00e9, per\u00f2 aix\u00ed et perds molt.","_lamolienda_landing_info_copy":"El caf\u00e8 \u00e9s estacional, com el vi o l'oli d'oliva, i el que pot expressar un sol gra \u00e9s enorme: floral, fermentat, mel\u00f3s, salat, brillant, profund. La nostra subscripci\u00f3 neix d'aquesta idea. Cada entrega \u00e9s una petita invitaci\u00f3 a tastar alguna cosa que potser no hauries triat de l'estanteria, seleccionada pels nostres torradors entre els lots que m\u00e9s ens il\u00b7lusionen aquell mes.\r\n\r\nEn un any haur\u00e0s viatjat per una dotzena d'or\u00edgens, tres continents i probablement haur\u00e0s trobat dos o tres caf\u00e8s que no sabies que t'encantarien.","_lamolienda_coffeeshops_hero_image_id":0,"_lamolienda_coffeeshops_intro_heading":"","_lamolienda_coffeeshops_intro_copy":""},"class_list":["post-694","page","type-page","status-publish","has-post-thumbnail","hentry"],"_links":{"self":[{"href":"https:\/\/lamolienda.es\/ca\/wp-json\/wp\/v2\/pages\/694","targetHints":{"allow":["GET"]}}],"collection":[{"href":"https:\/\/lamolienda.es\/ca\/wp-json\/wp\/v2\/pages"}],"about":[{"href":"https:\/\/lamolienda.es\/ca\/wp-json\/wp\/v2\/types\/page"}],"author":[{"embeddable":true,"href":"https:\/\/lamolienda.es\/ca\/wp-json\/wp\/v2\/users\/1"}],"replies":[{"embeddable":true,"href":"https:\/\/lamolienda.es\/ca\/wp-json\/wp\/v2\/comments?post=694"}],"version-history":[{"count":4,"href":"https:\/\/lamolienda.es\/ca\/wp-json\/wp\/v2\/pages\/694\/revisions"}],"predecessor-version":[{"id":1287,"href":"https:\/\/lamolienda.es\/ca\/wp-json\/wp\/v2\/pages\/694\/revisions\/1287"}],"wp:featuredmedia":[{"embeddable":true,"href":"https:\/\/lamolienda.es\/ca\/wp-json\/wp\/v2\/media\/1137"}],"wp:attachment":[{"href":"https:\/\/lamolienda.es\/ca\/wp-json\/wp\/v2\/media?parent=694"}],"curies":[{"name":"wp","href":"https:\/\/api.w.org\/{rel}","templated":true}]}}